{"id":2292,"date":"2025-01-22T18:13:49","date_gmt":"2025-01-22T18:13:49","guid":{"rendered":"https:\/\/center4thrivingcommunities.org\/knowledge-center\/children-youth-copy\/"},"modified":"2025-02-28T15:19:54","modified_gmt":"2025-02-28T15:19:54","slug":"children-youth-copy","status":"publish","type":"page","link":"https:\/\/center4thrivingcommunities.org\/es\/children-youth-copy\/","title":{"rendered":"Children &amp; Youth Copy"},"content":{"rendered":"<div data-elementor-type=\"wp-page\" data-elementor-id=\"2292\" class=\"elementor elementor-2292\" data-elementor-post-type=\"page\">\n\t\t\t\t<div class=\"elementor-element elementor-element-bb0fc35 e-flex e-con-boxed e-con e-parent\" data-id=\"bb0fc35\" data-element_type=\"container\" data-e-type=\"container\" data-settings=\"{&quot;background_background&quot;:&quot;classic&quot;,&quot;jet_parallax_layout_list&quot;:[]}\">\n\t\t\t\t\t<div class=\"e-con-inner\">\n\t\t\t\t<div class=\"elementor-element elementor-element-3307b08 elementor-widget elementor-widget-heading\" data-id=\"3307b08\" data-element_type=\"widget\" data-e-type=\"widget\" data-widget_type=\"heading.default\">\n\t\t\t\t<div class=\"elementor-widget-container\">\n\t\t\t\t\t<h2 class=\"elementor-heading-title elementor-size-default\">Ni\u00f1os\n<\/h2>\t\t\t\t<\/div>\n\t\t\t\t<\/div>\n\t\t\t\t<div class=\"elementor-element elementor-element-f9fd80e elementor-widget elementor-widget-heading\" data-id=\"f9fd80e\" data-element_type=\"widget\" data-e-type=\"widget\" data-widget_type=\"heading.default\">\n\t\t\t\t<div class=\"elementor-widget-container\">\n\t\t\t\t\t<h2 class=\"elementor-heading-title elementor-size-default\">&amp; youth<\/h2>\t\t\t\t<\/div>\n\t\t\t\t<\/div>\n\t\t\t\t\t<\/div>\n\t\t\t\t<\/div>\n\t\t<div class=\"elementor-element elementor-element-363685f e-flex e-con-boxed e-con e-parent\" data-id=\"363685f\" data-element_type=\"container\" data-e-type=\"container\" data-settings=\"{&quot;jet_parallax_layout_list&quot;:[]}\">\n\t\t\t\t\t<div class=\"e-con-inner\">\n\t\t\t\t<div class=\"elementor-element elementor-element-e7b5666 elementor-widget elementor-widget-text-editor\" data-id=\"e7b5666\" data-element_type=\"widget\" data-e-type=\"widget\" data-widget_type=\"text-editor.default\">\n\t\t\t\t<div class=\"elementor-widget-container\">\n\t\t\t\t\t\t\t\t\t<p>Mental health is the overall wellness of how you think, manage your feelings, and behave. Mental disorders among children are described as serious changes in the way children typically learn, behave, or handle their emotions that cause distress and problems getting through the day. Among the more common mental disorders that can be diagnosed in childhood are Attention Deficit\/Hyperactivity Disorder, anxiety, and behavior disorders, such as Oppositional Defiance Disorders (ODD).<\/p><p>A CDC study examined mental health symptoms in four different U.S. school districts during 2014\u20132018. The results showed that about 1 in 6 students had enough behavioral or emotional symptoms and impairment to be diagnosed with a childhood mental disorder; rates varied among the different sites. (Danielson, et al, 2020)<\/p><p>Los padres y cuidadores pueden buscar cambios en su juventud, como retraimiento, aislamiento, desconexi\u00f3n, p\u00e9rdida de inter\u00e9s en actividades placenteras, sentimientos de desesperanza, tristeza que dura m\u00e1s de 2 semanas, comportamientos de riesgo, cambios en las calificaciones escolares, cambios en el apetito y los patrones de sue\u00f1o.<\/p><p>Las escuelas pueden considerar aumentar la alfabetizaci\u00f3n en salud mental, considerar la posibilidad de evaluar a los estudiantes para detectar problemas de salud mental y proporcionar servicios de prevenci\u00f3n efectivos, como la terapia cognitivo-conductual en la escuela, y capacitar a la administraci\u00f3n, los maestros y el personal en Primeros Auxilios para la Salud Mental Juvenil, al tiempo que crean un sistema de atenci\u00f3n con referencias y servicios de tratamiento.<\/p><p>Primary care providers may consider using a collaborative care approach integrating pediatric, family medicine, psychiatric services, and mental health supports. Public health systems may evaluate, monitor, and disseminate mental health data to examine behavioral health changes over time in children.<\/p><p>Si un ni\u00f1o tiene pensamientos suicidas, crisis de salud mental o angustia emocional con el tiempo, el 988 es un punto de acceso universal a apoyos de salud mental. Los ni\u00f1os, los cuidadores y los profesionales pueden llamar o enviar un mensaje de texto al 988 o chatear en 988lifeline.org ellos mismos o si est\u00e1n preocupados por un ser querido.<\/p><p>Danielson, M. L., Bitsko, R. H., Holbrook, J. R., Charania, S. N., Claussen, A. H., PhD; McKeown, R. E., Cuffe, S. P., Owens, J. S., Evans, S. W., Kubicek, L., &amp; Flory, K. (2020). Prevalencia comunitaria de trastornos externalizantes e internalizantes entre ni\u00f1os y adolescentes en edad escolar en cuatro distritos escolares geogr\u00e1ficamente dispersos en los Estados Unidos. Psiquiatr\u00eda Infantil y Desarrollo Humano. Publicado en l\u00ednea el 31 de julio de 2020.<\/p>\t\t\t\t\t\t\t\t<\/div>\n\t\t\t\t<\/div>\n\t\t\t\t\t<\/div>\n\t\t\t\t<\/div>\n\t\t<div class=\"elementor-element elementor-element-3ecc8bc e-flex e-con-boxed e-con e-parent\" data-id=\"3ecc8bc\" data-element_type=\"container\" data-e-type=\"container\" data-settings=\"{&quot;jet_parallax_layout_list&quot;:[]}\">\n\t\t\t\t\t<div class=\"e-con-inner\">\n\t\t\t\t<div class=\"elementor-element elementor-element-8801ad2 elementor-widget__width-initial elementor-widget elementor-widget-image\" data-id=\"8801ad2\" data-element_type=\"widget\" data-e-type=\"widget\" data-widget_type=\"image.default\">\n\t\t\t\t<div class=\"elementor-widget-container\">\n\t\t\t\t\t\t\t\t\t\t\t\t\t\t\t<img decoding=\"async\" width=\"98\" height=\"98\" src=\"https:\/\/center4thrivingcommunities.org\/wp-content\/uploads\/2025\/01\/Group-61.png\" class=\"attachment-full size-full wp-image-1054\" alt=\"\" \/>\t\t\t\t\t\t\t\t\t\t\t\t\t\t\t<\/div>\n\t\t\t\t<\/div>\n\t\t\t\t<div class=\"elementor-element elementor-element-e31e21f elementor-widget__width-initial elementor-widget elementor-widget-heading\" data-id=\"e31e21f\" data-element_type=\"widget\" data-e-type=\"widget\" data-widget_type=\"heading.default\">\n\t\t\t\t<div class=\"elementor-widget-container\">\n\t\t\t\t\t<h2 class=\"elementor-heading-title elementor-size-default\">Ni\u00f1os y J\u00f3venes<\/h2>\t\t\t\t<\/div>\n\t\t\t\t<\/div>\n\t\t\t\t<div class=\"elementor-element elementor-element-86e5423 elementor-widget__width-inherit elementor-icon-list--layout-traditional elementor-list-item-link-full_width elementor-widget elementor-widget-global elementor-global-1502 elementor-widget-icon-list\" data-id=\"86e5423\" data-element_type=\"widget\" data-e-type=\"widget\" data-widget_type=\"icon-list.default\">\n\t\t\t\t<div class=\"elementor-widget-container\">\n\t\t\t\t\t\t\t<ul class=\"elementor-icon-list-items\">\n\t\t\t\t\t\t\t<li class=\"elementor-icon-list-item\">\n\t\t\t\t\t\t\t\t\t\t\t<a href=\"https:\/\/center4thrivingcommunities.org\/es\/knowledge-center\/children-youth\/#1\">\n\n\t\t\t\t\t\t\t\t\t\t\t\t<span class=\"elementor-icon-list-icon\">\n\t\t\t\t\t\t\t<svg aria-hidden=\"true\" class=\"e-font-icon-svg e-fas-circle\" viewbox=\"0 0 512 512\" xmlns=\"http:\/\/www.w3.org\/2000\/svg\"><path d=\"M256 8C119 8 8 119 8 256s111 248 248 248 248-111 248-248S393 8 256 8z\"><\/path><\/svg>\t\t\t\t\t\t<\/span>\n\t\t\t\t\t\t\t\t\t\t<span class=\"elementor-icon-list-text\">Creando Espacios Seguros y de Apoyo para los J\u00f3venes<\/span>\n\t\t\t\t\t\t\t\t\t\t\t<\/a>\n\t\t\t\t\t\t\t\t\t<\/li>\n\t\t\t\t\t\t\t\t<li class=\"elementor-icon-list-item\">\n\t\t\t\t\t\t\t\t\t\t\t<a href=\"https:\/\/center4thrivingcommunities.org\/es\/knowledge-center\/children-youth\/#2\">\n\n\t\t\t\t\t\t\t\t\t\t\t\t<span class=\"elementor-icon-list-icon\">\n\t\t\t\t\t\t\t<svg aria-hidden=\"true\" class=\"e-font-icon-svg e-fas-circle\" viewbox=\"0 0 512 512\" xmlns=\"http:\/\/www.w3.org\/2000\/svg\"><path d=\"M256 8C119 8 8 119 8 256s111 248 248 248 248-111 248-248S393 8 256 8z\"><\/path><\/svg>\t\t\t\t\t\t<\/span>\n\t\t\t\t\t\t\t\t\t\t<span class=\"elementor-icon-list-text\">What is Mental Health, Mental Illnesses, and how to reduce\u00a0the\u00a0stigma?<\/span>\n\t\t\t\t\t\t\t\t\t\t\t<\/a>\n\t\t\t\t\t\t\t\t\t<\/li>\n\t\t\t\t\t\t\t\t<li class=\"elementor-icon-list-item\">\n\t\t\t\t\t\t\t\t\t\t\t<a href=\"https:\/\/center4thrivingcommunities.org\/es\/knowledge-center\/children-youth\/#3\">\n\n\t\t\t\t\t\t\t\t\t\t\t\t<span class=\"elementor-icon-list-icon\">\n\t\t\t\t\t\t\t<svg aria-hidden=\"true\" class=\"e-font-icon-svg e-fas-circle\" viewbox=\"0 0 512 512\" xmlns=\"http:\/\/www.w3.org\/2000\/svg\"><path d=\"M256 8C119 8 8 119 8 256s111 248 248 248 248-111 248-248S393 8 256 8z\"><\/path><\/svg>\t\t\t\t\t\t<\/span>\n\t\t\t\t\t\t\t\t\t\t<span class=\"elementor-icon-list-text\">Estr\u00e9s y Trauma Racial y Juventud<\/span>\n\t\t\t\t\t\t\t\t\t\t\t<\/a>\n\t\t\t\t\t\t\t\t\t<\/li>\n\t\t\t\t\t\t\t\t<li class=\"elementor-icon-list-item\">\n\t\t\t\t\t\t\t\t\t\t\t<a href=\"https:\/\/center4thrivingcommunities.org\/es\/knowledge-center\/children-youth\/#4\">\n\n\t\t\t\t\t\t\t\t\t\t\t\t<span class=\"elementor-icon-list-icon\">\n\t\t\t\t\t\t\t<svg aria-hidden=\"true\" class=\"e-font-icon-svg e-fas-circle\" viewbox=\"0 0 512 512\" xmlns=\"http:\/\/www.w3.org\/2000\/svg\"><path d=\"M256 8C119 8 8 119 8 256s111 248 248 248 248-111 248-248S393 8 256 8z\"><\/path><\/svg>\t\t\t\t\t\t<\/span>\n\t\t\t\t\t\t\t\t\t\t<span class=\"elementor-icon-list-text\">Experiencias adversas en la Infancia y Recursos<\/span>\n\t\t\t\t\t\t\t\t\t\t\t<\/a>\n\t\t\t\t\t\t\t\t\t<\/li>\n\t\t\t\t\t\t\t\t<li class=\"elementor-icon-list-item\">\n\t\t\t\t\t\t\t\t\t\t\t<a href=\"https:\/\/center4thrivingcommunities.org\/es\/knowledge-center\/children-youth\/#5\">\n\n\t\t\t\t\t\t\t\t\t\t\t\t<span class=\"elementor-icon-list-icon\">\n\t\t\t\t\t\t\t<svg aria-hidden=\"true\" class=\"e-font-icon-svg e-fas-circle\" viewbox=\"0 0 512 512\" xmlns=\"http:\/\/www.w3.org\/2000\/svg\"><path d=\"M256 8C119 8 8 119 8 256s111 248 248 248 248-111 248-248S393 8 256 8z\"><\/path><\/svg>\t\t\t\t\t\t<\/span>\n\t\t\t\t\t\t\t\t\t\t<span class=\"elementor-icon-list-text\">Prevenci\u00f3n del Suicidio<\/span>\n\t\t\t\t\t\t\t\t\t\t\t<\/a>\n\t\t\t\t\t\t\t\t\t<\/li>\n\t\t\t\t\t\t<\/ul>\n\t\t\t\t\t\t<\/div>\n\t\t\t\t<\/div>\n\t\t\t\t\t<\/div>\n\t\t\t\t<\/div>\n\t\t\t\t<\/div>","protected":false},"excerpt":{"rendered":"<p>Children &amp; youth Mental health is the overall wellness of how you think, manage your feelings, and behave. Mental disorders among children are described as serious changes in the way children typically learn, behave, or handle their emotions that cause distress and problems getting through the day. Among the more common mental disorders that can [&hellip;]<\/p>\n","protected":false},"author":3,"featured_media":0,"parent":0,"menu_order":0,"comment_status":"closed","ping_status":"closed","template":"elementor_header_footer","meta":{"footnotes":""},"class_list":["post-2292","page","type-page","status-publish","hentry"],"yoast_head":"<!-- This site is optimized with the Yoast SEO plugin v27.4 - https:\/\/yoast.com\/product\/yoast-seo-wordpress\/ -->\n<title>C4TC<\/title>\n<meta name=\"robots\" content=\"index, follow, max-snippet:-1, max-image-preview:large, max-video-preview:-1\" \/>\n<link rel=\"canonical\" href=\"https:\/\/center4thrivingcommunities.org\/es\/wp-json\/wp\/v2\/pages\/2292\" \/>\n<meta property=\"og:locale\" content=\"es_ES\" \/>\n<meta property=\"og:type\" content=\"article\" \/>\n<meta property=\"og:url\" content=\"https:\/\/center4thrivingcommunities.org\/es\/wp-json\/wp\/v2\/pages\/2292\" \/>\n<meta property=\"og:site_name\" content=\"C4TC\" \/>\n<meta name=\"twitter:card\" content=\"summary_large_image\" \/>\n<script type=\"application\/ld+json\" class=\"yoast-schema-graph\">{\"@context\":\"https:\\\/\\\/schema.org\",\"@graph\":[{\"@type\":\"CollectionPage\",\"@id\":null,\"url\":\"\",\"name\":\"\",\"isPartOf\":{\"@id\":\"https:\\\/\\\/center4thrivingcommunities.org\\\/#website\"},\"inLanguage\":\"es\"},{\"@type\":\"WebSite\",\"@id\":\"https:\\\/\\\/center4thrivingcommunities.org\\\/#website\",\"url\":\"https:\\\/\\\/center4thrivingcommunities.org\\\/\",\"name\":\"C4TC\",\"description\":\"Center for Thriving Communities\",\"publisher\":{\"@id\":\"https:\\\/\\\/center4thrivingcommunities.org\\\/#organization\"},\"potentialAction\":[{\"@type\":\"SearchAction\",\"target\":{\"@type\":\"EntryPoint\",\"urlTemplate\":\"https:\\\/\\\/center4thrivingcommunities.org\\\/?s={search_term_string}\"},\"query-input\":{\"@type\":\"PropertyValueSpecification\",\"valueRequired\":true,\"valueName\":\"search_term_string\"}}],\"inLanguage\":\"es\"},{\"@type\":\"Organization\",\"@id\":\"https:\\\/\\\/center4thrivingcommunities.org\\\/#organization\",\"name\":\"C4TC\",\"url\":\"https:\\\/\\\/center4thrivingcommunities.org\\\/\",\"logo\":{\"@type\":\"ImageObject\",\"inLanguage\":\"es\",\"@id\":\"https:\\\/\\\/center4thrivingcommunities.org\\\/#\\\/schema\\\/logo\\\/image\\\/\",\"url\":\"https:\\\/\\\/center4thrivingcommunities.org\\\/wp-content\\\/uploads\\\/2024\\\/12\\\/cropped-CTC_logo_HOR.png\",\"contentUrl\":\"https:\\\/\\\/center4thrivingcommunities.org\\\/wp-content\\\/uploads\\\/2024\\\/12\\\/cropped-CTC_logo_HOR.png\",\"width\":1817,\"height\":518,\"caption\":\"C4TC\"},\"image\":{\"@id\":\"https:\\\/\\\/center4thrivingcommunities.org\\\/#\\\/schema\\\/logo\\\/image\\\/\"}}]}<\/script>\n<!-- \/ Yoast SEO plugin. -->","yoast_head_json":{"title":"C4TC","robots":{"index":"index","follow":"follow","max-snippet":"max-snippet:-1","max-image-preview":"max-image-preview:large","max-video-preview":"max-video-preview:-1"},"canonical":"https:\/\/center4thrivingcommunities.org\/es\/wp-json\/wp\/v2\/pages\/2292","og_locale":"es_ES","og_type":"article","og_url":"https:\/\/center4thrivingcommunities.org\/es\/wp-json\/wp\/v2\/pages\/2292","og_site_name":"C4TC","twitter_card":"summary_large_image","schema":{"@context":"https:\/\/schema.org","@graph":[{"@type":"CollectionPage","@id":null,"url":"","name":"","isPartOf":{"@id":"https:\/\/center4thrivingcommunities.org\/#website"},"inLanguage":"es"},{"@type":"WebSite","@id":"https:\/\/center4thrivingcommunities.org\/#website","url":"https:\/\/center4thrivingcommunities.org\/","name":"C4TC","description":"Center for Thriving Communities","publisher":{"@id":"https:\/\/center4thrivingcommunities.org\/#organization"},"potentialAction":[{"@type":"SearchAction","target":{"@type":"EntryPoint","urlTemplate":"https:\/\/center4thrivingcommunities.org\/?s={search_term_string}"},"query-input":{"@type":"PropertyValueSpecification","valueRequired":true,"valueName":"search_term_string"}}],"inLanguage":"es"},{"@type":"Organization","@id":"https:\/\/center4thrivingcommunities.org\/#organization","name":"C4TC","url":"https:\/\/center4thrivingcommunities.org\/","logo":{"@type":"ImageObject","inLanguage":"es","@id":"https:\/\/center4thrivingcommunities.org\/#\/schema\/logo\/image\/","url":"https:\/\/center4thrivingcommunities.org\/wp-content\/uploads\/2024\/12\/cropped-CTC_logo_HOR.png","contentUrl":"https:\/\/center4thrivingcommunities.org\/wp-content\/uploads\/2024\/12\/cropped-CTC_logo_HOR.png","width":1817,"height":518,"caption":"C4TC"},"image":{"@id":"https:\/\/center4thrivingcommunities.org\/#\/schema\/logo\/image\/"}}]}},"_links":{"self":[{"href":"https:\/\/center4thrivingcommunities.org\/es\/wp-json\/wp\/v2\/pages\/2292","targetHints":{"allow":["GET"]}}],"collection":[{"href":"https:\/\/center4thrivingcommunities.org\/es\/wp-json\/wp\/v2\/pages"}],"about":[{"href":"https:\/\/center4thrivingcommunities.org\/es\/wp-json\/wp\/v2\/types\/page"}],"author":[{"embeddable":true,"href":"https:\/\/center4thrivingcommunities.org\/es\/wp-json\/wp\/v2\/users\/3"}],"replies":[{"embeddable":true,"href":"https:\/\/center4thrivingcommunities.org\/es\/wp-json\/wp\/v2\/comments?post=2292"}],"version-history":[{"count":1,"href":"https:\/\/center4thrivingcommunities.org\/es\/wp-json\/wp\/v2\/pages\/2292\/revisions"}],"predecessor-version":[{"id":4153,"href":"https:\/\/center4thrivingcommunities.org\/es\/wp-json\/wp\/v2\/pages\/2292\/revisions\/4153"}],"wp:attachment":[{"href":"https:\/\/center4thrivingcommunities.org\/es\/wp-json\/wp\/v2\/media?parent=2292"}],"curies":[{"name":"wp","href":"https:\/\/api.w.org\/{rel}","templated":true}]}}