{"id":1814,"date":"2025-01-17T21:36:09","date_gmt":"2025-01-17T21:36:09","guid":{"rendered":"https:\/\/center4thrivingcommunities.org\/impact-demo\/annual-gathering-copy\/"},"modified":"2025-05-09T00:43:06","modified_gmt":"2025-05-09T00:43:06","slug":"follow-up-and-sustainability","status":"publish","type":"page","link":"https:\/\/center4thrivingcommunities.org\/es\/follow-up-and-sustainability\/","title":{"rendered":"Follow Up &#038; Sustainability"},"content":{"rendered":"<div data-elementor-type=\"wp-page\" data-elementor-id=\"1814\" class=\"elementor elementor-1814\" data-elementor-post-type=\"page\">\n\t\t\t\t<div class=\"elementor-element elementor-element-855ff23 e-flex e-con-boxed e-con e-parent\" data-id=\"855ff23\" data-element_type=\"container\" data-e-type=\"container\" data-settings=\"{&quot;background_background&quot;:&quot;classic&quot;,&quot;jet_parallax_layout_list&quot;:[]}\">\n\t\t\t\t\t<div class=\"e-con-inner\">\n\t\t\t\t<div class=\"elementor-element elementor-element-c122ad9 shadow elementor-widget elementor-widget-heading\" data-id=\"c122ad9\" data-element_type=\"widget\" data-e-type=\"widget\" data-widget_type=\"heading.default\">\n\t\t\t\t<div class=\"elementor-widget-container\">\n\t\t\t\t\t<h2 class=\"elementor-heading-title elementor-size-default\">Follow-Up &amp;\n<\/h2>\t\t\t\t<\/div>\n\t\t\t\t<\/div>\n\t\t\t\t<div class=\"elementor-element elementor-element-3c6472f shadow elementor-widget elementor-widget-heading\" data-id=\"3c6472f\" data-element_type=\"widget\" data-e-type=\"widget\" data-widget_type=\"heading.default\">\n\t\t\t\t<div class=\"elementor-widget-container\">\n\t\t\t\t\t<h2 class=\"elementor-heading-title elementor-size-default\">Sostenibilidad<\/h2>\t\t\t\t<\/div>\n\t\t\t\t<\/div>\n\t\t\t\t\t<\/div>\n\t\t\t\t<\/div>\n\t\t<div class=\"elementor-element elementor-element-6229a6a e-flex e-con-boxed e-con e-parent\" data-id=\"6229a6a\" data-element_type=\"container\" data-e-type=\"container\" data-settings=\"{&quot;jet_parallax_layout_list&quot;:[]}\">\n\t\t\t\t\t<div class=\"e-con-inner\">\n\t\t\t\t<div class=\"elementor-element elementor-element-5737962 elementor-hidden-desktop elementor-hidden-tablet elementor-hidden-mobile elementor-widget elementor-widget-heading\" data-id=\"5737962\" data-element_type=\"widget\" data-e-type=\"widget\" data-widget_type=\"heading.default\">\n\t\t\t\t<div class=\"elementor-widget-container\">\n\t\t\t\t\t<h2 class=\"elementor-heading-title elementor-size-default\">Follow-Up &amp; Sustainability<\/h2>\t\t\t\t<\/div>\n\t\t\t\t<\/div>\n\t\t\t\t<div class=\"elementor-element elementor-element-20223c2 elementor-hidden-desktop elementor-hidden-tablet elementor-hidden-mobile elementor-widget elementor-widget-heading\" data-id=\"20223c2\" data-element_type=\"widget\" data-e-type=\"widget\" data-widget_type=\"heading.default\">\n\t\t\t\t<div class=\"elementor-widget-container\">\n\t\t\t\t\t<h2 class=\"elementor-heading-title elementor-size-default\">November 2024 - January 2026<\/h2>\t\t\t\t<\/div>\n\t\t\t\t<\/div>\n\t\t\t\t<div class=\"elementor-element elementor-element-0f8144f elementor-widget elementor-widget-heading\" data-id=\"0f8144f\" data-element_type=\"widget\" data-e-type=\"widget\" data-widget_type=\"heading.default\">\n\t\t\t\t<div class=\"elementor-widget-container\">\n\t\t\t\t\t<h2 class=\"elementor-heading-title elementor-size-default\">Proporcionar apoyo posterior a la capacitaci\u00f3n y participaci\u00f3n continua, incluida la publicaci\u00f3n de resultados y lecciones aprendidas a trav\u00e9s de diversas plataformas de comunicaci\u00f3n, informes y foros comunitarios.<\/h2>\t\t\t\t<\/div>\n\t\t\t\t<\/div>\n\t\t\t\t\t<\/div>\n\t\t\t\t<\/div>\n\t\t<div class=\"elementor-element elementor-element-cbbad54 e-flex e-con-boxed e-con e-parent\" data-id=\"cbbad54\" data-element_type=\"container\" data-e-type=\"container\" data-settings=\"{&quot;background_background&quot;:&quot;classic&quot;,&quot;jet_parallax_layout_list&quot;:[]}\">\n\t\t\t\t\t<div class=\"e-con-inner\">\n\t\t<a class=\"elementor-element elementor-element-d8a752e e-con-full e-flex e-con e-child\" data-id=\"d8a752e\" data-element_type=\"container\" data-e-type=\"container\" data-settings=\"{&quot;background_background&quot;:&quot;classic&quot;,&quot;jet_parallax_layout_list&quot;:[]}\" href=\"https:\/\/center4thrivingcommunities.org\/wp-content\/uploads\/2025\/02\/03_14_24_CTC_Report_Digital_Version.pdf\" target=\"_blank\">\n\t\t\t\t<div class=\"elementor-element elementor-element-f62295c elementor-view-default elementor-widget elementor-widget-icon\" data-id=\"f62295c\" data-element_type=\"widget\" data-e-type=\"widget\" data-widget_type=\"icon.default\">\n\t\t\t\t<div class=\"elementor-widget-container\">\n\t\t\t\t\t\t\t<div class=\"elementor-icon-wrapper\">\n\t\t\t<div class=\"elementor-icon\">\n\t\t\t<svg xmlns=\"http:\/\/www.w3.org\/2000\/svg\" width=\"784\" height=\"888\" viewbox=\"0 0 784 888\" fill=\"none\"><mask id=\"mask0_394_24092\" style=\"mask-type:luminance\" maskunits=\"userSpaceOnUse\" x=\"88\" y=\"0\" width=\"696\" height=\"888\"><path d=\"M88 0.25H783.885V888H88V0.25Z\" fill=\"white\"><\/path><\/mask><g mask=\"url(#mask0_394_24092)\"><path d=\"M783.974 725.042V15.0417C783.974 6.16667 778.057 0.25 769.182 0.25H103.557C94.6823 0.25 88.7656 6.16667 88.7656 15.0417V222.125H118.349V29.8333H754.391V710.25H621.266C612.391 710.25 606.474 716.167 606.474 725.042V858.167H118.349V636.292H88.7656V872.958C88.7656 881.833 94.6823 887.75 103.557 887.75H621.266C625.703 887.75 628.661 886.271 631.62 883.313L779.536 735.396C781.016 733.917 781.016 732.438 782.495 730.958V729.479C783.974 728 783.974 726.521 783.974 725.042ZM636.057 739.833H733.682L636.057 837.458V739.833Z\" fill=\"#F37021\"><\/path><\/g><path d=\"M192.307 562.334H340.224V532.75H295.849V251.709C295.849 242.834 289.932 236.917 281.057 236.917H192.307C183.432 236.917 177.516 242.834 177.516 251.709V340.459H103.557C94.6823 340.459 88.7656 346.375 88.7656 355.25V414.417H14.8073C5.93229 414.417 0.015625 420.334 0.015625 429.209V547.542C0.015625 556.417 5.93229 562.334 14.8073 562.334H192.307ZM207.099 266.5H266.266V532.75H207.099V266.5ZM118.349 370.042H177.516V532.75H118.349V370.042ZM29.599 444H88.7656V532.75H29.599V444Z\" fill=\"#F37021\"><\/path><path d=\"M695.224 355.25V103.792C695.224 94.9167 689.307 89 680.432 89H369.807C360.932 89 355.016 94.9167 355.016 103.792V355.25C355.016 364.125 360.932 370.042 369.807 370.042H680.432C689.307 370.042 695.224 364.125 695.224 355.25ZM665.641 177.75H488.141V118.583H665.641V177.75ZM458.557 118.583V177.75H384.599C384.599 154.083 384.599 118.583 384.599 118.583H458.557ZM384.599 207.333H458.557V340.458H384.599C384.599 340.458 384.599 270.938 384.599 207.333ZM488.141 340.458V207.333H665.641V340.458H488.141Z\" fill=\"#F37021\"><\/path><path d=\"M369.808 414.417H680.433V444H369.808V414.417Z\" fill=\"#F37021\"><\/path><path d=\"M369.808 488.375H680.433V517.958H369.808V488.375Z\" fill=\"#F37021\"><\/path><path d=\"M369.808 562.333H680.433V591.916H369.808V562.333Z\" fill=\"#F37021\"><\/path><path d=\"M162.724 89H251.474V118.583H162.724V89Z\" fill=\"#F37021\"><\/path><path d=\"M162.724 162.958H295.849V192.541H162.724V162.958Z\" fill=\"#F37021\"><\/path><path d=\"M162.724 636.292H266.265V665.875H162.724V636.292Z\" fill=\"#F37021\"><\/path><path d=\"M310.641 636.292H414.182V665.875H310.641V636.292Z\" fill=\"#F37021\"><\/path><path d=\"M458.558 636.292H562.099V665.875H458.558V636.292Z\" fill=\"#F37021\"><\/path><path d=\"M162.724 710.25H266.265V739.833H162.724V710.25Z\" fill=\"#F37021\"><\/path><path d=\"M310.641 710.25H414.182V739.833H310.641V710.25Z\" fill=\"#F37021\"><\/path><path d=\"M458.558 710.25H562.099V739.833H458.558V710.25Z\" fill=\"#F37021\"><\/path><path d=\"M162.724 784.208H266.265V813.791H162.724V784.208Z\" fill=\"#F37021\"><\/path><path d=\"M310.641 784.208H414.182V813.791H310.641V784.208Z\" fill=\"#F37021\"><\/path><path d=\"M458.558 784.208H562.099V813.791H458.558V784.208Z\" fill=\"#F37021\"><\/path><\/svg>\t\t\t<\/div>\n\t\t<\/div>\n\t\t\t\t\t\t<\/div>\n\t\t\t\t<\/div>\n\t\t\t\t<div class=\"elementor-element elementor-element-602f64e elementor-widget__width-initial elementor-widget-tablet__width-initial elementor-widget elementor-widget-heading\" data-id=\"602f64e\" data-element_type=\"widget\" data-e-type=\"widget\" data-widget_type=\"heading.default\">\n\t\t\t\t<div class=\"elementor-widget-container\">\n\t\t\t\t\t<h2 class=\"elementor-heading-title elementor-size-default\">Informe de Participaci\u00f3n Comunitaria 2023<\/h2>\t\t\t\t<\/div>\n\t\t\t\t<\/div>\n\t\t\t\t<\/a>\n\t\t\t\t\t<\/div>\n\t\t\t\t<\/div>\n\t\t<div class=\"elementor-element elementor-element-dbaa4d7 e-flex e-con-boxed e-con e-parent\" data-id=\"dbaa4d7\" data-element_type=\"container\" data-e-type=\"container\" data-settings=\"{&quot;background_background&quot;:&quot;classic&quot;,&quot;jet_parallax_layout_list&quot;:[]}\">\n\t\t\t\t\t<div class=\"e-con-inner\">\n\t\t<a class=\"elementor-element elementor-element-c13c766 e-con-full e-flex e-con e-child\" data-id=\"c13c766\" data-element_type=\"container\" data-e-type=\"container\" data-settings=\"{&quot;background_background&quot;:&quot;classic&quot;,&quot;jet_parallax_layout_list&quot;:[]}\" href=\"\/wp-content\/uploads\/2025\/05\/CTC-Report-A-year-or-Action-Spanish-version.pdf\" target=\"_blank\">\n\t\t\t\t<div class=\"elementor-element elementor-element-ecbdb3e elementor-view-default elementor-widget elementor-widget-icon\" data-id=\"ecbdb3e\" data-element_type=\"widget\" data-e-type=\"widget\" data-widget_type=\"icon.default\">\n\t\t\t\t<div class=\"elementor-widget-container\">\n\t\t\t\t\t\t\t<div class=\"elementor-icon-wrapper\">\n\t\t\t<div class=\"elementor-icon\">\n\t\t\t<svg xmlns=\"http:\/\/www.w3.org\/2000\/svg\" width=\"784\" height=\"888\" viewbox=\"0 0 784 888\" fill=\"none\"><mask id=\"mask0_394_24092\" style=\"mask-type:luminance\" maskunits=\"userSpaceOnUse\" x=\"88\" y=\"0\" width=\"696\" height=\"888\"><path d=\"M88 0.25H783.885V888H88V0.25Z\" fill=\"white\"><\/path><\/mask><g mask=\"url(#mask0_394_24092)\"><path d=\"M783.974 725.042V15.0417C783.974 6.16667 778.057 0.25 769.182 0.25H103.557C94.6823 0.25 88.7656 6.16667 88.7656 15.0417V222.125H118.349V29.8333H754.391V710.25H621.266C612.391 710.25 606.474 716.167 606.474 725.042V858.167H118.349V636.292H88.7656V872.958C88.7656 881.833 94.6823 887.75 103.557 887.75H621.266C625.703 887.75 628.661 886.271 631.62 883.313L779.536 735.396C781.016 733.917 781.016 732.438 782.495 730.958V729.479C783.974 728 783.974 726.521 783.974 725.042ZM636.057 739.833H733.682L636.057 837.458V739.833Z\" fill=\"#F37021\"><\/path><\/g><path d=\"M192.307 562.334H340.224V532.75H295.849V251.709C295.849 242.834 289.932 236.917 281.057 236.917H192.307C183.432 236.917 177.516 242.834 177.516 251.709V340.459H103.557C94.6823 340.459 88.7656 346.375 88.7656 355.25V414.417H14.8073C5.93229 414.417 0.015625 420.334 0.015625 429.209V547.542C0.015625 556.417 5.93229 562.334 14.8073 562.334H192.307ZM207.099 266.5H266.266V532.75H207.099V266.5ZM118.349 370.042H177.516V532.75H118.349V370.042ZM29.599 444H88.7656V532.75H29.599V444Z\" fill=\"#F37021\"><\/path><path d=\"M695.224 355.25V103.792C695.224 94.9167 689.307 89 680.432 89H369.807C360.932 89 355.016 94.9167 355.016 103.792V355.25C355.016 364.125 360.932 370.042 369.807 370.042H680.432C689.307 370.042 695.224 364.125 695.224 355.25ZM665.641 177.75H488.141V118.583H665.641V177.75ZM458.557 118.583V177.75H384.599C384.599 154.083 384.599 118.583 384.599 118.583H458.557ZM384.599 207.333H458.557V340.458H384.599C384.599 340.458 384.599 270.938 384.599 207.333ZM488.141 340.458V207.333H665.641V340.458H488.141Z\" fill=\"#F37021\"><\/path><path d=\"M369.808 414.417H680.433V444H369.808V414.417Z\" fill=\"#F37021\"><\/path><path d=\"M369.808 488.375H680.433V517.958H369.808V488.375Z\" fill=\"#F37021\"><\/path><path d=\"M369.808 562.333H680.433V591.916H369.808V562.333Z\" fill=\"#F37021\"><\/path><path d=\"M162.724 89H251.474V118.583H162.724V89Z\" fill=\"#F37021\"><\/path><path d=\"M162.724 162.958H295.849V192.541H162.724V162.958Z\" fill=\"#F37021\"><\/path><path d=\"M162.724 636.292H266.265V665.875H162.724V636.292Z\" fill=\"#F37021\"><\/path><path d=\"M310.641 636.292H414.182V665.875H310.641V636.292Z\" fill=\"#F37021\"><\/path><path d=\"M458.558 636.292H562.099V665.875H458.558V636.292Z\" fill=\"#F37021\"><\/path><path d=\"M162.724 710.25H266.265V739.833H162.724V710.25Z\" fill=\"#F37021\"><\/path><path d=\"M310.641 710.25H414.182V739.833H310.641V710.25Z\" fill=\"#F37021\"><\/path><path d=\"M458.558 710.25H562.099V739.833H458.558V710.25Z\" fill=\"#F37021\"><\/path><path d=\"M162.724 784.208H266.265V813.791H162.724V784.208Z\" fill=\"#F37021\"><\/path><path d=\"M310.641 784.208H414.182V813.791H310.641V784.208Z\" fill=\"#F37021\"><\/path><path d=\"M458.558 784.208H562.099V813.791H458.558V784.208Z\" fill=\"#F37021\"><\/path><\/svg>\t\t\t<\/div>\n\t\t<\/div>\n\t\t\t\t\t\t<\/div>\n\t\t\t\t<\/div>\n\t\t\t\t<div class=\"elementor-element elementor-element-761e34b elementor-widget__width-initial elementor-widget-tablet__width-initial elementor-widget elementor-widget-heading\" data-id=\"761e34b\" data-element_type=\"widget\" data-e-type=\"widget\" data-widget_type=\"heading.default\">\n\t\t\t\t<div class=\"elementor-widget-container\">\n\t\t\t\t\t<h2 class=\"elementor-heading-title elementor-size-default\">Informe Un A\u00f1o de Acci\u00f3n 2024<\/h2>\t\t\t\t<\/div>\n\t\t\t\t<\/div>\n\t\t\t\t<\/a>\n\t\t\t\t\t<\/div>\n\t\t\t\t<\/div>\n\t\t<div class=\"elementor-element elementor-element-1e9c98f elementor-hidden-desktop elementor-hidden-tablet elementor-hidden-mobile e-flex e-con-boxed e-con e-parent\" data-id=\"1e9c98f\" data-element_type=\"container\" data-e-type=\"container\" data-settings=\"{&quot;jet_parallax_layout_list&quot;:[]}\">\n\t\t\t\t\t<div class=\"e-con-inner\">\n\t\t<div class=\"elementor-element elementor-element-9b0ef34 e-con-full e-flex e-con e-child\" data-id=\"9b0ef34\" data-element_type=\"container\" data-e-type=\"container\" data-settings=\"{&quot;background_background&quot;:&quot;classic&quot;,&quot;jet_parallax_layout_list&quot;:[]}\">\n\t\t\t\t<div class=\"elementor-element elementor-element-e03b9cc elementor-widget elementor-widget-counter\" data-id=\"e03b9cc\" data-element_type=\"widget\" data-e-type=\"widget\" data-widget_type=\"counter.default\">\n\t\t\t\t<div class=\"elementor-widget-container\">\n\t\t\t\t\t\t\t<div class=\"elementor-counter\">\n\t\t\t\t\t\t<div class=\"elementor-counter-number-wrapper\">\n\t\t\t\t<span class=\"elementor-counter-number-prefix\"><\/span>\n\t\t\t\t<span class=\"elementor-counter-number\" data-duration=\"1000\" data-to-value=\"366\" data-from-value=\"1\">1<\/span>\n\t\t\t\t<span class=\"elementor-counter-number-suffix\"> <\/span>\n\t\t\t<\/div>\n\t\t<\/div>\n\t\t\t\t\t\t<\/div>\n\t\t\t\t<\/div>\n\t\t\t\t<\/div>\n\t\t\t\t<div class=\"elementor-element elementor-element-c4f1142 elementor-widget__width-initial elementor-widget elementor-widget-heading\" data-id=\"c4f1142\" data-element_type=\"widget\" data-e-type=\"widget\" data-widget_type=\"heading.default\">\n\t\t\t\t<div class=\"elementor-widget-container\">\n\t\t\t\t\t<h2 class=\"elementor-heading-title elementor-size-default\">Asistentes a la Reuni\u00f3n Anual<\/h2>\t\t\t\t<\/div>\n\t\t\t\t<\/div>\n\t\t\t\t\t<\/div>\n\t\t\t\t<\/div>\n\t\t<div class=\"elementor-element elementor-element-7347eb6 e-flex e-con-boxed e-con e-parent\" data-id=\"7347eb6\" data-element_type=\"container\" data-e-type=\"container\" data-settings=\"{&quot;background_background&quot;:&quot;classic&quot;,&quot;jet_parallax_layout_list&quot;:[]}\">\n\t\t\t\t\t<div class=\"e-con-inner\">\n\t\t\t\t<div class=\"elementor-element elementor-element-1ebf363 elementor-align-start elementor-icon-list--layout-traditional elementor-list-item-link-full_width elementor-widget elementor-widget-icon-list\" data-id=\"1ebf363\" data-element_type=\"widget\" data-e-type=\"widget\" data-widget_type=\"icon-list.default\">\n\t\t\t\t<div class=\"elementor-widget-container\">\n\t\t\t\t\t\t\t<ul class=\"elementor-icon-list-items\">\n\t\t\t\t\t\t\t<li class=\"elementor-icon-list-item\">\n\t\t\t\t\t\t\t\t\t\t\t<span class=\"elementor-icon-list-icon\">\n\t\t\t\t\t\t\t<svg xmlns=\"http:\/\/www.w3.org\/2000\/svg\" width=\"1025\" height=\"939\" viewbox=\"0 0 1025 939\" fill=\"none\"><mask id=\"mask0_395_24107\" style=\"mask-type:luminance\" maskunits=\"userSpaceOnUse\" x=\"0\" y=\"0\" width=\"939\" height=\"939\"><path d=\"M0 0H938.115V938.115H0V0Z\" fill=\"white\"><\/path><\/mask><g mask=\"url(#mask0_395_24107)\"><mask id=\"mask1_395_24107\" style=\"mask-type:luminance\" maskunits=\"userSpaceOnUse\" x=\"0\" y=\"0\" width=\"939\" height=\"939\"><path d=\"M469.057 0C210.005 0 0 210.005 0 469.057C0 728.109 210.005 938.115 469.057 938.115C728.109 938.115 938.115 728.109 938.115 469.057C938.115 210.005 728.109 0 469.057 0Z\" fill=\"white\"><\/path><\/mask><g mask=\"url(#mask1_395_24107)\"><path d=\"M0 0H938.115V938.115H0V0Z\" fill=\"#162C55\"><\/path><\/g><\/g><mask id=\"mask2_395_24107\" style=\"mask-type:luminance\" maskunits=\"userSpaceOnUse\" x=\"174\" y=\"74\" width=\"851\" height=\"722\"><path d=\"M174.625 74.1143H1024.63V795.114H174.625V74.1143Z\" fill=\"white\"><\/path><\/mask><g mask=\"url(#mask2_395_24107)\"><path d=\"M174.625 492.318L272.401 364.583L398.552 550.672C398.552 550.672 598.828 161.156 1024.61 74.4219C833.318 168.813 494.859 547.188 436.406 795.099C273.979 580.63 174.625 492.318 174.625 492.318Z\" fill=\"white\"><\/path><\/g><\/svg>\t\t\t\t\t\t<\/span>\n\t\t\t\t\t\t\t\t\t\t<span class=\"elementor-icon-list-text\">Seguimiento post-entrenamiento<\/span>\n\t\t\t\t\t\t\t\t\t<\/li>\n\t\t\t\t\t\t\t\t<li class=\"elementor-icon-list-item\">\n\t\t\t\t\t\t\t\t\t\t\t<span class=\"elementor-icon-list-icon\">\n\t\t\t\t\t\t\t<svg xmlns=\"http:\/\/www.w3.org\/2000\/svg\" width=\"1025\" height=\"939\" viewbox=\"0 0 1025 939\" fill=\"none\"><mask id=\"mask0_395_24107\" style=\"mask-type:luminance\" maskunits=\"userSpaceOnUse\" x=\"0\" y=\"0\" width=\"939\" height=\"939\"><path d=\"M0 0H938.115V938.115H0V0Z\" fill=\"white\"><\/path><\/mask><g mask=\"url(#mask0_395_24107)\"><mask id=\"mask1_395_24107\" style=\"mask-type:luminance\" maskunits=\"userSpaceOnUse\" x=\"0\" y=\"0\" width=\"939\" height=\"939\"><path d=\"M469.057 0C210.005 0 0 210.005 0 469.057C0 728.109 210.005 938.115 469.057 938.115C728.109 938.115 938.115 728.109 938.115 469.057C938.115 210.005 728.109 0 469.057 0Z\" fill=\"white\"><\/path><\/mask><g mask=\"url(#mask1_395_24107)\"><path d=\"M0 0H938.115V938.115H0V0Z\" fill=\"#162C55\"><\/path><\/g><\/g><mask id=\"mask2_395_24107\" style=\"mask-type:luminance\" maskunits=\"userSpaceOnUse\" x=\"174\" y=\"74\" width=\"851\" height=\"722\"><path d=\"M174.625 74.1143H1024.63V795.114H174.625V74.1143Z\" fill=\"white\"><\/path><\/mask><g mask=\"url(#mask2_395_24107)\"><path d=\"M174.625 492.318L272.401 364.583L398.552 550.672C398.552 550.672 598.828 161.156 1024.61 74.4219C833.318 168.813 494.859 547.188 436.406 795.099C273.979 580.63 174.625 492.318 174.625 492.318Z\" fill=\"white\"><\/path><\/g><\/svg>\t\t\t\t\t\t<\/span>\n\t\t\t\t\t\t\t\t\t\t<span class=\"elementor-icon-list-text\">Publicaciones, Conferencias<\/span>\n\t\t\t\t\t\t\t\t\t<\/li>\n\t\t\t\t\t\t\t\t<li class=\"elementor-icon-list-item\">\n\t\t\t\t\t\t\t\t\t\t\t<span class=\"elementor-icon-list-icon\">\n\t\t\t\t\t\t\t<svg xmlns=\"http:\/\/www.w3.org\/2000\/svg\" width=\"1025\" height=\"939\" viewbox=\"0 0 1025 939\" fill=\"none\"><mask id=\"mask0_395_24107\" style=\"mask-type:luminance\" maskunits=\"userSpaceOnUse\" x=\"0\" y=\"0\" width=\"939\" height=\"939\"><path d=\"M0 0H938.115V938.115H0V0Z\" fill=\"white\"><\/path><\/mask><g mask=\"url(#mask0_395_24107)\"><mask id=\"mask1_395_24107\" style=\"mask-type:luminance\" maskunits=\"userSpaceOnUse\" x=\"0\" y=\"0\" width=\"939\" height=\"939\"><path d=\"M469.057 0C210.005 0 0 210.005 0 469.057C0 728.109 210.005 938.115 469.057 938.115C728.109 938.115 938.115 728.109 938.115 469.057C938.115 210.005 728.109 0 469.057 0Z\" fill=\"white\"><\/path><\/mask><g mask=\"url(#mask1_395_24107)\"><path d=\"M0 0H938.115V938.115H0V0Z\" fill=\"#162C55\"><\/path><\/g><\/g><mask id=\"mask2_395_24107\" style=\"mask-type:luminance\" maskunits=\"userSpaceOnUse\" x=\"174\" y=\"74\" width=\"851\" height=\"722\"><path d=\"M174.625 74.1143H1024.63V795.114H174.625V74.1143Z\" fill=\"white\"><\/path><\/mask><g mask=\"url(#mask2_395_24107)\"><path d=\"M174.625 492.318L272.401 364.583L398.552 550.672C398.552 550.672 598.828 161.156 1024.61 74.4219C833.318 168.813 494.859 547.188 436.406 795.099C273.979 580.63 174.625 492.318 174.625 492.318Z\" fill=\"white\"><\/path><\/g><\/svg>\t\t\t\t\t\t<\/span>\n\t\t\t\t\t\t\t\t\t\t<span class=\"elementor-icon-list-text\">Tools  &amp; Technology<\/span>\n\t\t\t\t\t\t\t\t\t<\/li>\n\t\t\t\t\t\t<\/ul>\n\t\t\t\t\t\t<\/div>\n\t\t\t\t<\/div>\n\t\t\t\t\t<\/div>\n\t\t\t\t<\/div>\n\t\t\t\t<\/div>","protected":false},"excerpt":{"rendered":"<p>Follow-Up &#038; Sustainability Follow-Up &#038; Sustainability November 2024 &#8211; January 2026 Providing post-training support and continued engagement, including publishing outcomes and lessons learned through various communication platforms, reports and community forums. 2023 Community Engagement Report 2024 A Year of Action Report 1 Annual Gathering Attendees Post-training follow-up Publications, Conferences Tools &#038; Technology<\/p>","protected":false},"author":3,"featured_media":0,"parent":0,"menu_order":0,"comment_status":"closed","ping_status":"closed","template":"elementor_header_footer","meta":{"footnotes":""},"class_list":["post-1814","page","type-page","status-publish","hentry"],"yoast_head":"<!-- This site is optimized with the Yoast SEO plugin v27.4 - https:\/\/yoast.com\/product\/yoast-seo-wordpress\/ -->\n<title>C4TC<\/title>\n<meta name=\"robots\" content=\"index, follow, max-snippet:-1, max-image-preview:large, max-video-preview:-1\" \/>\n<link rel=\"canonical\" href=\"https:\/\/center4thrivingcommunities.org\/es\/wp-json\/wp\/v2\/pages\/1814\" \/>\n<meta property=\"og:locale\" content=\"es_ES\" \/>\n<meta property=\"og:type\" content=\"article\" \/>\n<meta property=\"og:url\" content=\"https:\/\/center4thrivingcommunities.org\/es\/wp-json\/wp\/v2\/pages\/1814\" \/>\n<meta property=\"og:site_name\" content=\"C4TC\" \/>\n<meta name=\"twitter:card\" content=\"summary_large_image\" \/>\n<script type=\"application\/ld+json\" class=\"yoast-schema-graph\">{\"@context\":\"https:\\\/\\\/schema.org\",\"@graph\":[{\"@type\":\"CollectionPage\",\"@id\":null,\"url\":\"\",\"name\":\"\",\"isPartOf\":{\"@id\":\"https:\\\/\\\/center4thrivingcommunities.org\\\/#website\"},\"inLanguage\":\"es\"},{\"@type\":\"WebSite\",\"@id\":\"https:\\\/\\\/center4thrivingcommunities.org\\\/#website\",\"url\":\"https:\\\/\\\/center4thrivingcommunities.org\\\/\",\"name\":\"C4TC\",\"description\":\"Center for Thriving Communities\",\"publisher\":{\"@id\":\"https:\\\/\\\/center4thrivingcommunities.org\\\/#organization\"},\"potentialAction\":[{\"@type\":\"SearchAction\",\"target\":{\"@type\":\"EntryPoint\",\"urlTemplate\":\"https:\\\/\\\/center4thrivingcommunities.org\\\/?s={search_term_string}\"},\"query-input\":{\"@type\":\"PropertyValueSpecification\",\"valueRequired\":true,\"valueName\":\"search_term_string\"}}],\"inLanguage\":\"es\"},{\"@type\":\"Organization\",\"@id\":\"https:\\\/\\\/center4thrivingcommunities.org\\\/#organization\",\"name\":\"C4TC\",\"url\":\"https:\\\/\\\/center4thrivingcommunities.org\\\/\",\"logo\":{\"@type\":\"ImageObject\",\"inLanguage\":\"es\",\"@id\":\"https:\\\/\\\/center4thrivingcommunities.org\\\/#\\\/schema\\\/logo\\\/image\\\/\",\"url\":\"https:\\\/\\\/center4thrivingcommunities.org\\\/wp-content\\\/uploads\\\/2024\\\/12\\\/cropped-CTC_logo_HOR.png\",\"contentUrl\":\"https:\\\/\\\/center4thrivingcommunities.org\\\/wp-content\\\/uploads\\\/2024\\\/12\\\/cropped-CTC_logo_HOR.png\",\"width\":1817,\"height\":518,\"caption\":\"C4TC\"},\"image\":{\"@id\":\"https:\\\/\\\/center4thrivingcommunities.org\\\/#\\\/schema\\\/logo\\\/image\\\/\"}}]}<\/script>\n<!-- \/ Yoast SEO plugin. -->","yoast_head_json":{"title":"C4TC","robots":{"index":"index","follow":"follow","max-snippet":"max-snippet:-1","max-image-preview":"max-image-preview:large","max-video-preview":"max-video-preview:-1"},"canonical":"https:\/\/center4thrivingcommunities.org\/es\/wp-json\/wp\/v2\/pages\/1814","og_locale":"es_ES","og_type":"article","og_url":"https:\/\/center4thrivingcommunities.org\/es\/wp-json\/wp\/v2\/pages\/1814","og_site_name":"C4TC","twitter_card":"summary_large_image","schema":{"@context":"https:\/\/schema.org","@graph":[{"@type":"CollectionPage","@id":null,"url":"","name":"","isPartOf":{"@id":"https:\/\/center4thrivingcommunities.org\/#website"},"inLanguage":"es"},{"@type":"WebSite","@id":"https:\/\/center4thrivingcommunities.org\/#website","url":"https:\/\/center4thrivingcommunities.org\/","name":"C4TC","description":"Center for Thriving Communities","publisher":{"@id":"https:\/\/center4thrivingcommunities.org\/#organization"},"potentialAction":[{"@type":"SearchAction","target":{"@type":"EntryPoint","urlTemplate":"https:\/\/center4thrivingcommunities.org\/?s={search_term_string}"},"query-input":{"@type":"PropertyValueSpecification","valueRequired":true,"valueName":"search_term_string"}}],"inLanguage":"es"},{"@type":"Organization","@id":"https:\/\/center4thrivingcommunities.org\/#organization","name":"C4TC","url":"https:\/\/center4thrivingcommunities.org\/","logo":{"@type":"ImageObject","inLanguage":"es","@id":"https:\/\/center4thrivingcommunities.org\/#\/schema\/logo\/image\/","url":"https:\/\/center4thrivingcommunities.org\/wp-content\/uploads\/2024\/12\/cropped-CTC_logo_HOR.png","contentUrl":"https:\/\/center4thrivingcommunities.org\/wp-content\/uploads\/2024\/12\/cropped-CTC_logo_HOR.png","width":1817,"height":518,"caption":"C4TC"},"image":{"@id":"https:\/\/center4thrivingcommunities.org\/#\/schema\/logo\/image\/"}}]}},"_links":{"self":[{"href":"https:\/\/center4thrivingcommunities.org\/es\/wp-json\/wp\/v2\/pages\/1814","targetHints":{"allow":["GET"]}}],"collection":[{"href":"https:\/\/center4thrivingcommunities.org\/es\/wp-json\/wp\/v2\/pages"}],"about":[{"href":"https:\/\/center4thrivingcommunities.org\/es\/wp-json\/wp\/v2\/types\/page"}],"author":[{"embeddable":true,"href":"https:\/\/center4thrivingcommunities.org\/es\/wp-json\/wp\/v2\/users\/3"}],"replies":[{"embeddable":true,"href":"https:\/\/center4thrivingcommunities.org\/es\/wp-json\/wp\/v2\/comments?post=1814"}],"version-history":[{"count":5,"href":"https:\/\/center4thrivingcommunities.org\/es\/wp-json\/wp\/v2\/pages\/1814\/revisions"}],"predecessor-version":[{"id":5533,"href":"https:\/\/center4thrivingcommunities.org\/es\/wp-json\/wp\/v2\/pages\/1814\/revisions\/5533"}],"wp:attachment":[{"href":"https:\/\/center4thrivingcommunities.org\/es\/wp-json\/wp\/v2\/media?parent=1814"}],"curies":[{"name":"wp","href":"https:\/\/api.w.org\/{rel}","templated":true}]}}